{"id":5595,"date":"2025-09-22T15:03:33","date_gmt":"2025-09-22T15:03:33","guid":{"rendered":"https:\/\/canayron.com\/?page_id=5595"},"modified":"2025-11-21T07:47:11","modified_gmt":"2025-11-21T07:47:11","slug":"la-cana2","status":"publish","type":"page","link":"https:\/\/canayron.com\/index.php\/la-cana2\/","title":{"rendered":"La Ca\u00f1a"},"content":{"rendered":"<p><div class=\"fusion-fullwidth fullwidth-box fusion-builder-row-1 fusion-flex-container has-pattern-background has-mask-background nonhundred-percent-fullwidth non-hundred-percent-height-scrolling\" style=\"background-color: #343434;background-position: center center;background-repeat: no-repeat;border-width: 0px 0px 0px 0px;border-color:#eae9e9;border-style:solid;\" ><div class=\"fusion-builder-row fusion-row fusion-flex-align-items-flex-start\" style=\"max-width:1216.8px;margin-left: calc(-4% \/ 2 );margin-right: calc(-4% \/ 2 );\"><div class=\"fusion-layout-column fusion_builder_column fusion-builder-column-0 fusion_builder_column_1_1 1_1 fusion-flex-column\"><div class=\"fusion-column-wrapper fusion-flex-justify-content-flex-start fusion-content-layout-column\" style=\"background-position:left top;background-repeat:no-repeat;-webkit-background-size:cover;-moz-background-size:cover;-o-background-size:cover;background-size:cover;background-color:#343434;padding: 0px 0px 0px 0px;\"><\/div><style type=\"text\/css\">.fusion-body .fusion-builder-column-0{width:100% !important;margin-top : 0px;margin-bottom : 20px;}.fusion-builder-column-0 > .fusion-column-wrapper {padding-top : 0px !important;padding-right : 0px !important;margin-right : 1.92%;padding-bottom : 0px !important;padding-left : 0px !important;margin-left : 1.92%;}@media only screen and (max-width:1024px) {.fusion-body .fusion-builder-column-0{width:100% !important;order : 0;}.fusion-builder-column-0 > .fusion-column-wrapper {margin-right : 1.92%;margin-left : 1.92%;}}@media only screen and (max-width:640px) {.fusion-body .fusion-builder-column-0{width:100% !important;order : 0;}.fusion-builder-column-0 > .fusion-column-wrapper {margin-right : 1.92%;margin-left : 1.92%;}}<\/style><\/div><\/div><style type=\"text\/css\">.fusion-body .fusion-flex-container.fusion-builder-row-1{ padding-top : 0px;margin-top : 0px;padding-right : 0px;padding-bottom : 0px;margin-bottom : 0px;padding-left : 0px;}<\/style><\/div><div class=\"fusion-fullwidth fullwidth-box fusion-builder-row-2 fusion-flex-container has-pattern-background has-mask-background nonhundred-percent-fullwidth non-hundred-percent-height-scrolling\" style=\"background-color: #343434;background-position: center center;background-repeat: no-repeat;border-width: 0px 0px 0px 0px;border-color:#eae9e9;border-style:solid;\" ><div class=\"fusion-builder-row fusion-row fusion-flex-align-items-flex-start\" style=\"max-width:1216.8px;margin-left: calc(-4% \/ 2 );margin-right: calc(-4% \/ 2 );\"><div class=\"fusion-layout-column fusion_builder_column fusion-builder-column-1 fusion_builder_column_1_2 1_2 fusion-flex-column fusion-no-small-visibility\"><div class=\"fusion-column-wrapper fusion-flex-justify-content-flex-start fusion-content-layout-column\" style=\"background-position:right center;background-repeat:no-repeat;-webkit-background-size:cover;-moz-background-size:cover;-o-background-size:cover;background-size:cover;padding: 0px 0px 0px 0px;\"><div class=\"fusion-content-boxes content-boxes columns row fusion-columns-1 fusion-columns-total-1 fusion-content-boxes-1 content-boxes-icon-with-title content-left\" data-animationOffset=\"top-into-view\" style=\"margin-top:20px;margin-bottom:20px;\"><style type=\"text\/css\">.fusion-content-boxes-1 .heading .content-box-heading {color:hsla(var(--awb-color8-h),var(--awb-color8-s),calc( var(--awb-color8-l) + 20% ),var(--awb-color8-a));}\n\t\t\t\t\t.fusion-content-boxes-1 .fusion-content-box-hover .link-area-link-icon-hover .heading .content-box-heading,\n\t\t\t\t\t.fusion-content-boxes-1 .fusion-content-box-hover .link-area-link-icon-hover .heading .heading-link .content-box-heading,\n\t\t\t\t\t.fusion-content-boxes-1 .fusion-content-box-hover .link-area-box-hover .heading .content-box-heading,\n\t\t\t\t\t.fusion-content-boxes-1 .fusion-content-box-hover .link-area-box-hover .heading .heading-link .content-box-heading,\n\t\t\t\t\t.fusion-content-boxes-1 .fusion-content-box-hover .link-area-link-icon-hover.link-area-box .fusion-read-more,\n\t\t\t\t\t.fusion-content-boxes-1 .fusion-content-box-hover .link-area-link-icon-hover.link-area-box .fusion-read-more::after,\n\t\t\t\t\t.fusion-content-boxes-1 .fusion-content-box-hover .link-area-link-icon-hover.link-area-box .fusion-read-more::before,\n\t\t\t\t\t.fusion-content-boxes-1 .fusion-content-box-hover .fusion-read-more:hover:after,\n\t\t\t\t\t.fusion-content-boxes-1 .fusion-content-box-hover .fusion-read-more:hover:before,\n\t\t\t\t\t.fusion-content-boxes-1 .fusion-content-box-hover .fusion-read-more:hover,\n\t\t\t\t\t.fusion-content-boxes-1 .fusion-content-box-hover .link-area-box-hover.link-area-box .fusion-read-more,\n\t\t\t\t\t.fusion-content-boxes-1 .fusion-content-box-hover .link-area-box-hover.link-area-box .fusion-read-more::after,\n\t\t\t\t\t.fusion-content-boxes-1 .fusion-content-box-hover .link-area-box-hover.link-area-box .fusion-read-more::before,\n\t\t\t\t\t.fusion-content-boxes-1 .fusion-content-box-hover .link-area-link-icon-hover .icon .circle-no,\n\t\t\t\t\t.fusion-content-boxes-1 .heading .heading-link:hover .content-box-heading {\n\t\t\t\t\t\tcolor: var(--awb-color4);\n\t\t\t\t\t}\n\t\t\t\t\t.fusion-content-boxes-1 .fusion-content-box-hover .link-area-box-hover .icon .circle-no {\n\t\t\t\t\t\tcolor: var(--awb-color4) !important;\n\t\t\t\t\t}.fusion-content-boxes-1 .fusion-content-box-hover .link-area-box.link-area-box-hover .fusion-content-box-button {background: var(--awb-color5);color: var(--awb-color1);}.fusion-content-boxes-1 .fusion-content-box-hover .link-area-box.link-area-box-hover .fusion-content-box-button .fusion-button-text {color: var(--awb-color1);}\n\t\t\t\t\t.fusion-content-boxes-1 .fusion-content-box-hover .link-area-link-icon-hover .heading .icon > span {\n\t\t\t\t\t\tbackground-color: var(--awb-color4) !important;\n\t\t\t\t\t}\n\t\t\t\t\t.fusion-content-boxes-1 .fusion-content-box-hover .link-area-box-hover .heading .icon > span {\n\t\t\t\t\t\tborder-color: var(--awb-color4) !important;\n\t\t\t\t\t}<\/style><div class=\"fusion-column content-box-column content-box-column content-box-column-1 col-lg-12 col-md-12 col-sm-12 fusion-content-box-hover content-box-column-last content-box-column-last-in-row\"><div class=\"col content-box-wrapper content-wrapper link-area-link-icon icon-hover-animation-fade\" style=\"background-color:rgba(255,255,255,0);\" data-animationOffset=\"top-into-view\"><div class=\"heading icon-left\"><h2 class=\"content-box-heading fusion-responsive-typography-calculated\" style=\"font-size:18px;--fontSize:18;line-height:var(--awb-typography1-line-height);\"><br \/>\n<\/h2><\/div><div class=\"fusion-clearfix\"><\/div><div class=\"content-container\" style=\"color:#747474;\">\n<p style=\"text-align: center; font-size: 27px; color: #ffffff;\" data-fusion-font=\"true\"><b style=\"line-height: 48px; font-family: 'Abril Fatface'; font-weight: 400; font-size: 40px; letter-spacing: 0.28px;\" data-fusion-font=\"true\" data-fusion-google-font=\"Abril Fatface\" data-fusion-google-variant=\"400\">LA CA\u00d1A<\/b><\/p>\n<p><img decoding=\"async\" class=\"lazyload aligncenter wp-image-5520 size-fusion-400\" src=\"https:\/\/canayron.com\/wp-content\/uploads\/2025\/07\/web-version-ordenador-INGLES-08-400x571.png\" data-orig-src=\"https:\/\/canayron.com\/wp-content\/uploads\/2025\/07\/web-version-ordenador-INGLES-08-400x571.png\" alt=\"\" width=\"400\" height=\"571\" srcset=\"data:image\/svg+xml,%3Csvg%20xmlns%3D%27http%3A%2F%2Fwww.w3.org%2F2000%2Fsvg%27%20width%3D%27400%27%20height%3D%27571%27%20viewBox%3D%270%200%20400%20571%27%3E%3Crect%20width%3D%27400%27%20height%3D%27571%27%20fill-opacity%3D%220%22%2F%3E%3C%2Fsvg%3E\" data-srcset=\"https:\/\/canayron.com\/wp-content\/uploads\/2025\/07\/web-version-ordenador-INGLES-08-200x286.png 200w, https:\/\/canayron.com\/wp-content\/uploads\/2025\/07\/web-version-ordenador-INGLES-08-210x300.png 210w, https:\/\/canayron.com\/wp-content\/uploads\/2025\/07\/web-version-ordenador-INGLES-08-400x571.png 400w, https:\/\/canayron.com\/wp-content\/uploads\/2025\/07\/web-version-ordenador-INGLES-08-600x857.png 600w, https:\/\/canayron.com\/wp-content\/uploads\/2025\/07\/web-version-ordenador-INGLES-08-717x1024.png 717w, https:\/\/canayron.com\/wp-content\/uploads\/2025\/07\/web-version-ordenador-INGLES-08.png 738w\" data-sizes=\"auto\" data-orig-sizes=\"(max-width: 400px) 100vw, 400px\" \/><\/p>\n<\/div><\/div><\/div><style type=\"text\/css\">\n\t\t\t\t\t\t.fusion-content-boxes-1 .fusion-content-box-hover .heading-link:hover .icon i.circle-yes,\n\t\t\t\t\t\t.fusion-content-boxes-1 .fusion-content-box-hover .link-area-box:hover .heading-link .icon i.circle-yes,\n\t\t\t\t\t\t.fusion-content-boxes-1 .fusion-content-box-hover .link-area-link-icon-hover .heading .icon i.circle-yes,\n\t\t\t\t\t\t.fusion-content-boxes-1 .fusion-content-box-hover .link-area-box-hover .heading .icon i.circle-yes {\n\t\t\t\t\t\t\tbackground-color: var(--awb-color4) !important;\n\t\t\t\t\t\t\tborder-color: var(--awb-color4) !important;\n\t\t\t\t\t\t}<\/style><div class=\"fusion-clearfix\"><\/div><\/div><\/div><style type=\"text\/css\">.fusion-body .fusion-builder-column-1{width:50% !important;margin-top : 0px;margin-bottom : 0px;}.fusion-builder-column-1 > .fusion-column-wrapper {padding-top : 0px !important;padding-right : 0px !important;margin-right : 8.256%;padding-bottom : 0px !important;padding-left : 0px !important;margin-left : 0%;}@media only screen and (max-width:1024px) {.fusion-body .fusion-builder-column-1{width:100% !important;order : 0;}.fusion-builder-column-1 > .fusion-column-wrapper {margin-right : 1.92%;margin-left : 1.92%;}}@media only screen and (max-width:640px) {.fusion-body .fusion-builder-column-1{width:100% !important;order : 0;}.fusion-builder-column-1 > .fusion-column-wrapper {margin-right : 1.92%;margin-left : 1.92%;}}<\/style><\/div><div class=\"fusion-layout-column fusion_builder_column fusion-builder-column-2 fusion_builder_column_1_2 1_2 fusion-flex-column fusion-no-small-visibility\"><div class=\"fusion-column-wrapper fusion-flex-justify-content-flex-start fusion-content-layout-column\" style=\"background-position:left top;background-repeat:no-repeat;-webkit-background-size:cover;-moz-background-size:cover;-o-background-size:cover;background-size:cover;padding: 46px 0px 0px 0px;\"><div class=\"fusion-text fusion-text-1\"><p style=\"text-align: justify; font-size: 14px; line-height: 24px; letter-spacing: 0.285px; color: #ffffff;\" data-fusion-font=\"true\"><span style=\"color: #d6b426; font-size: 20px; font-family: 'Yeseva One'; font-weight: 400;\" data-fusion-font=\"true\" data-fusion-google-font=\"Yeseva One\" data-fusion-google-variant=\"400\">La Ca\u00f1a que se planta en nuestro terreno<\/span> proviene de la zona de <span style=\"color: #d6b426;\">Los Sauces<\/span> en <span style=\"color: #d6b426;\">La Palma<\/span>. <span style=\"letter-spacing: 0.285px;\">Gracias a Manuel Marichal Padr\u00f3n y su experiencia como productor de ca\u00f1a de az\u00facar, comienza <\/span><span style=\"letter-spacing: 0.285px;\">esta aventura.\u200b<\/span><\/p>\n<p style=\"text-align: justify; font-size: 14px; line-height: 24px; letter-spacing: 0.285px; color: #ffffff;\" data-fusion-font=\"true\">La primera zafra se hace entre el 21 y 22 de Abril de 2023, cortando la ca\u00f1a a mano, Aaron <span style=\"letter-spacing: 0.285px;\">Barreto, Eloy Gonz\u00e1lez, Eloy Gonz\u00e1lez Jr, Manuel Mart\u00edn Mart\u00edn Marichal y Nacho Zerolo\u200b.<\/span><\/p>\n<p style=\"text-align: justify; font-size: 14px; line-height: 24px; letter-spacing: 0.285px; color: #ffffff;\" data-fusion-font=\"true\">En la preparaci\u00f3n del terreno de \u201cLa Caleta\u201dy posterior sembrado de ca\u00f1a, han intervenido los <span style=\"letter-spacing: 0.285px;\">antes nombrados, David Gonz\u00e1lez y Marcelo Gald\u00f3n, con la inestimable colaboraci\u00f3n desde el <\/span><span style=\"letter-spacing: 0.285px;\">principio de Gonzalo Mapfre y varios colaboradores necesarios como los hermanos Gorr\u00edn, <\/span><span style=\"letter-spacing: 0.285px;\">propietarios del terreno y consejeros agricultores.<\/span><\/p>\n<p style=\"text-align: justify; font-size: 14px; line-height: 24px; letter-spacing: 0.285px; color: #ffffff;\" data-fusion-font=\"true\">Posteriormente, tambi\u00e9n hemos plantado ca\u00f1a a 500m de altura en los terrenos donde se <span style=\"letter-spacing: 0.285px;\">encuentra nuestra destiler\u00eda, disponiendo finalmente de 5000 m\u00b2 de ca\u00f1a plantada<\/span><span style=\"color: #1c1c1c; letter-spacing: 0.285px;\">.<\/span><\/p>\n<p style=\"text-align: justify; font-size: 14px; line-height: 24px; letter-spacing: 0.285px; color: #ffffff;\" data-fusion-font=\"true\"><span style=\"color: #1c1c1c; letter-spacing: 0.285px;\"><img decoding=\"async\" class=\"lazyload aligncenter size-full wp-image-5597\" src=\"https:\/\/canayron.com\/wp-content\/uploads\/2025\/09\/web-version-ordenador-INGLES-04.png\" data-orig-src=\"https:\/\/canayron.com\/wp-content\/uploads\/2025\/09\/web-version-ordenador-INGLES-04.png\" alt=\"\" width=\"640\" height=\"480\" srcset=\"data:image\/svg+xml,%3Csvg%20xmlns%3D%27http%3A%2F%2Fwww.w3.org%2F2000%2Fsvg%27%20width%3D%27640%27%20height%3D%27480%27%20viewBox%3D%270%200%20640%20480%27%3E%3Crect%20width%3D%27640%27%20height%3D%27480%27%20fill-opacity%3D%220%22%2F%3E%3C%2Fsvg%3E\" data-srcset=\"https:\/\/canayron.com\/wp-content\/uploads\/2025\/09\/web-version-ordenador-INGLES-04-200x150.png 200w, https:\/\/canayron.com\/wp-content\/uploads\/2025\/09\/web-version-ordenador-INGLES-04-300x225.png 300w, https:\/\/canayron.com\/wp-content\/uploads\/2025\/09\/web-version-ordenador-INGLES-04-400x300.png 400w, https:\/\/canayron.com\/wp-content\/uploads\/2025\/09\/web-version-ordenador-INGLES-04-600x450.png 600w, https:\/\/canayron.com\/wp-content\/uploads\/2025\/09\/web-version-ordenador-INGLES-04.png 640w\" data-sizes=\"auto\" data-orig-sizes=\"(max-width: 640px) 100vw, 640px\" \/><\/span><\/p>\n<\/div><\/div><style type=\"text\/css\">.fusion-body .fusion-builder-column-2{width:50% !important;margin-top : 0px;margin-bottom : 20px;}.fusion-builder-column-2 > .fusion-column-wrapper {padding-top : 46px !important;padding-right : 0px !important;margin-right : 10.944%;padding-bottom : 0px !important;padding-left : 0px !important;margin-left : 0%;}@media only screen and (max-width:1024px) {.fusion-body .fusion-builder-column-2{width:100% !important;order : 0;}.fusion-builder-column-2 > .fusion-column-wrapper {margin-right : 1.92%;margin-left : 1.92%;}}@media only screen and (max-width:640px) {.fusion-body .fusion-builder-column-2{width:100% !important;order : 0;}.fusion-builder-column-2 > .fusion-column-wrapper {margin-right : 1.92%;margin-left : 1.92%;}}<\/style><\/div><div class=\"fusion-layout-column fusion_builder_column fusion-builder-column-3 fusion_builder_column_1_2 1_2 fusion-flex-column fusion-no-medium-visibility fusion-no-large-visibility\"><div class=\"fusion-column-wrapper lazyload fusion-flex-justify-content-flex-start fusion-content-layout-column\" style=\"background-position:left top;background-repeat:no-repeat;-webkit-background-size:cover;-moz-background-size:cover;-o-background-size:cover;background-size:cover;padding: 46px 0px 0px 0px;\" data-bg-url=\"https:\/\/canayron.com\/wp-content\/uploads\/2025\/07\/web-version-ordenador-INGLES-08-600x857.png\" data-bg=\"https:\/\/canayron.com\/wp-content\/uploads\/2025\/07\/web-version-ordenador-INGLES-08-600x857.png\"><div class=\"fusion-text fusion-text-2\"><p style=\"text-align: center;\" data-fusion-font=\"true\" data-fusion-google-font=\"Inter\" data-fusion-google-variant=\"100\"><span style=\"color: #d6b426; font-family: Yeseva One;\"><span style=\"font-size: 40px; letter-spacing: 0.285px; line-height: 48px; color: #ffffff;\" data-fusion-font=\"true\">LA CA\u00d1A<\/span><\/span><\/p>\n<p style=\"text-align: justify; color: rgb(255, 255, 255); font-family: Inter; font-weight: 200; font-size: 14px;\" data-fusion-font=\"true\" data-fusion-google-font=\"Inter\" data-fusion-google-variant=\"200\"><span style=\"color: rgb(214, 180, 38); font-family: 'Yeseva One'; font-weight: 400; font-size: 20px;\" data-fusion-font=\"true\" data-fusion-google-font=\"Yeseva One\" data-fusion-google-variant=\"400\">La Ca\u00f1a que se planta en nuestro terreno<\/span> proviene de la zona de <span style=\"color: rgb(214, 180, 38);\">Los Sauces<\/span> en <span style=\"color: rgb(214, 180, 38);\">La Palma<\/span>. Gracias a Manuel Marichal Padr\u00f3n y su experiencia como productor de ca\u00f1a de az\u00facar, comienza esta aventura.\u200b<\/p>\n<p style=\"text-align: justify; color: rgb(255, 255, 255); font-family: Inter; font-weight: 200; font-size: 14px;\" data-fusion-font=\"true\" data-fusion-google-font=\"Inter\" data-fusion-google-variant=\"200\">La primera zafra se hace entre el 21 y 22 de Abril de 2023, cortando la ca\u00f1a a mano, Aaron Barreto, Eloy Gonz\u00e1lez, Eloy Gonz\u00e1lez Jr, Manuel Mart\u00edn Mart\u00edn Marichal y Nacho Zerolo\u200b.<\/p>\n<p style=\"text-align: justify; color: rgb(255, 255, 255); font-family: Inter; font-weight: 200; font-size: 14px;\" data-fusion-font=\"true\" data-fusion-google-font=\"Inter\" data-fusion-google-variant=\"200\">En la preparaci\u00f3n del terreno de \u201cLa Caleta\u201dy posterior sembrado de ca\u00f1a, han intervenido los antes nombrados, David Gonz\u00e1lez y Marcelo Gald\u00f3n, con la inestimable colaboraci\u00f3n desde el principio de Gonzalo Mapfre y varios colaboradores necesarios como los hermanos Gorr\u00edn, propietarios del terreno y consejeros agricultores.<\/p>\n<p style=\"text-align: justify; color: rgb(255, 255, 255); font-family: Inter; font-weight: 200; font-size: 14px;\" data-fusion-font=\"true\" data-fusion-google-font=\"Inter\" data-fusion-google-variant=\"200\">Posteriormente, tambi\u00e9n hemos plantado ca\u00f1a a 500m de altura en los terrenos donde se encuentra nuestra destiler\u00eda, disponiendo finalmente de 5000 m\u00b2 de ca\u00f1a plantada.<\/p>\n<p><img decoding=\"async\" class=\"lazyload aligncenter size-full wp-image-5597\" src=\"https:\/\/canayron.com\/wp-content\/uploads\/2025\/09\/web-version-ordenador-INGLES-04.png\" data-orig-src=\"https:\/\/canayron.com\/wp-content\/uploads\/2025\/09\/web-version-ordenador-INGLES-04.png\" alt=\"\" width=\"640\" height=\"480\" srcset=\"data:image\/svg+xml,%3Csvg%20xmlns%3D%27http%3A%2F%2Fwww.w3.org%2F2000%2Fsvg%27%20width%3D%27640%27%20height%3D%27480%27%20viewBox%3D%270%200%20640%20480%27%3E%3Crect%20width%3D%27640%27%20height%3D%27480%27%20fill-opacity%3D%220%22%2F%3E%3C%2Fsvg%3E\" data-srcset=\"https:\/\/canayron.com\/wp-content\/uploads\/2025\/09\/web-version-ordenador-INGLES-04-200x150.png 200w, https:\/\/canayron.com\/wp-content\/uploads\/2025\/09\/web-version-ordenador-INGLES-04-300x225.png 300w, https:\/\/canayron.com\/wp-content\/uploads\/2025\/09\/web-version-ordenador-INGLES-04-400x300.png 400w, https:\/\/canayron.com\/wp-content\/uploads\/2025\/09\/web-version-ordenador-INGLES-04-600x450.png 600w, https:\/\/canayron.com\/wp-content\/uploads\/2025\/09\/web-version-ordenador-INGLES-04.png 640w\" data-sizes=\"auto\" data-orig-sizes=\"(max-width: 640px) 100vw, 640px\" \/><\/p>\n<\/div><\/div><style type=\"text\/css\">.fusion-body .fusion-builder-column-3{width:50% !important;margin-top : 0px;margin-bottom : 20px;}.fusion-builder-column-3 > .fusion-column-wrapper {padding-top : 46px !important;padding-right : 0px !important;margin-right : 10.944%;padding-bottom : 0px !important;padding-left : 0px !important;margin-left : 0%;}@media only screen and (max-width:1024px) {.fusion-body .fusion-builder-column-3{width:100% !important;order : 0;}.fusion-builder-column-3 > .fusion-column-wrapper {margin-right : 1.92%;margin-left : 1.92%;}}@media only screen and (max-width:640px) {.fusion-body .fusion-builder-column-3{width:100% !important;order : 0;}.fusion-builder-column-3 > .fusion-column-wrapper {padding-right : 20px !important;margin-right : 1.92%;padding-left : 20px !important;margin-left : 1.92%;}}<\/style><\/div><div class=\"fusion-layout-column fusion_builder_column fusion-builder-column-4 fusion_builder_column_1_1 1_1 fusion-flex-column\"><div class=\"fusion-column-wrapper fusion-flex-justify-content-flex-start fusion-content-layout-column\" style=\"background-position:left top;background-repeat:no-repeat;-webkit-background-size:cover;-moz-background-size:cover;-o-background-size:cover;background-size:cover;padding: 0px 0px 0px 0px;\"><div style=\"text-align:center;\"><span class=\" fusion-imageframe imageframe-none imageframe-1 hover-type-none\" style=\"max-width:150px;\"><a class=\"fusion-no-lightbox\" href=\"https:\/\/canayron.com\/\" target=\"_self\" aria-label=\"web version ordenador-07\"><img decoding=\"async\" width=\"247\" height=\"67\" src=\"https:\/\/canayron.com\/wp-content\/uploads\/2024\/10\/web-version-ordenador-07.png\" data-orig-src=\"https:\/\/canayron.com\/wp-content\/uploads\/2024\/10\/web-version-ordenador-07.png\" alt class=\"lazyload img-responsive wp-image-5352\" srcset=\"data:image\/svg+xml,%3Csvg%20xmlns%3D%27http%3A%2F%2Fwww.w3.org%2F2000%2Fsvg%27%20width%3D%27247%27%20height%3D%2767%27%20viewBox%3D%270%200%20247%2067%27%3E%3Crect%20width%3D%27247%27%20height%3D%2767%27%20fill-opacity%3D%220%22%2F%3E%3C%2Fsvg%3E\" data-srcset=\"https:\/\/canayron.com\/wp-content\/uploads\/2024\/10\/web-version-ordenador-07-200x54.png 200w, https:\/\/canayron.com\/wp-content\/uploads\/2024\/10\/web-version-ordenador-07.png 247w\" data-sizes=\"auto\" data-orig-sizes=\"(max-width: 1024px) 100vw, (max-width: 640px) 100vw, 247px\" \/><\/a><\/span><\/div><div style=\"text-align:center;\"><style>.fusion-imageframe.imageframe-2{ margin-top : 20px;}<\/style><span class=\" fusion-imageframe imageframe-none imageframe-2 hover-type-none\" style=\"max-width:150px;\"><a class=\"fusion-no-lightbox\" href=\"https:\/\/canayron.com\/index.php\/el-terreno2\/\" target=\"_self\" aria-label=\"web version ordenador-08\"><img decoding=\"async\" width=\"247\" height=\"67\" src=\"https:\/\/canayron.com\/wp-content\/uploads\/2024\/10\/web-version-ordenador-08.png\" data-orig-src=\"https:\/\/canayron.com\/wp-content\/uploads\/2024\/10\/web-version-ordenador-08.png\" alt class=\"lazyload img-responsive wp-image-5353\" srcset=\"data:image\/svg+xml,%3Csvg%20xmlns%3D%27http%3A%2F%2Fwww.w3.org%2F2000%2Fsvg%27%20width%3D%27247%27%20height%3D%2767%27%20viewBox%3D%270%200%20247%2067%27%3E%3Crect%20width%3D%27247%27%20height%3D%2767%27%20fill-opacity%3D%220%22%2F%3E%3C%2Fsvg%3E\" data-srcset=\"https:\/\/canayron.com\/wp-content\/uploads\/2024\/10\/web-version-ordenador-08-200x54.png 200w, https:\/\/canayron.com\/wp-content\/uploads\/2024\/10\/web-version-ordenador-08.png 247w\" data-sizes=\"auto\" data-orig-sizes=\"(max-width: 1024px) 100vw, (max-width: 640px) 100vw, 247px\" \/><\/a><\/span><\/div><\/div><style type=\"text\/css\">.fusion-body .fusion-builder-column-4{width:100% !important;margin-top : 50px;margin-bottom : 50px;}.fusion-builder-column-4 > .fusion-column-wrapper {padding-top : 0px !important;padding-right : 0px !important;margin-right : 1.92%;padding-bottom : 0px !important;padding-left : 0px !important;margin-left : 1.92%;}@media only screen and (max-width:1024px) {.fusion-body .fusion-builder-column-4{width:100% !important;order : 0;}.fusion-builder-column-4 > .fusion-column-wrapper {margin-right : 1.92%;margin-left : 1.92%;}}@media only screen and (max-width:640px) {.fusion-body .fusion-builder-column-4{width:100% !important;order : 0;}.fusion-builder-column-4 > .fusion-column-wrapper {margin-right : 1.92%;margin-left : 1.92%;}}<\/style><\/div><\/div><style type=\"text\/css\">.fusion-body .fusion-flex-container.fusion-builder-row-2{ padding-top : 0px;margin-top : 0px;padding-right : 200px;padding-bottom : 0px;margin-bottom : 0px;padding-left : 200px;}@media only screen and (max-width:640px) {.fusion-body .fusion-flex-container.fusion-builder-row-2{ padding-right : 0;padding-left : 0;}}<\/style><\/div><\/p>\n","protected":false},"excerpt":{"rendered":"","protected":false},"author":1,"featured_media":0,"parent":0,"menu_order":0,"comment_status":"closed","ping_status":"closed","template":"100-width.php","meta":{"footnotes":""},"class_list":["post-5595","page","type-page","status-publish","hentry"],"_links":{"self":[{"href":"https:\/\/canayron.com\/index.php\/wp-json\/wp\/v2\/pages\/5595","targetHints":{"allow":["GET"]}}],"collection":[{"href":"https:\/\/canayron.com\/index.php\/wp-json\/wp\/v2\/pages"}],"about":[{"href":"https:\/\/canayron.com\/index.php\/wp-json\/wp\/v2\/types\/page"}],"author":[{"embeddable":true,"href":"https:\/\/canayron.com\/index.php\/wp-json\/wp\/v2\/users\/1"}],"replies":[{"embeddable":true,"href":"https:\/\/canayron.com\/index.php\/wp-json\/wp\/v2\/comments?post=5595"}],"version-history":[{"count":5,"href":"https:\/\/canayron.com\/index.php\/wp-json\/wp\/v2\/pages\/5595\/revisions"}],"predecessor-version":[{"id":5703,"href":"https:\/\/canayron.com\/index.php\/wp-json\/wp\/v2\/pages\/5595\/revisions\/5703"}],"wp:attachment":[{"href":"https:\/\/canayron.com\/index.php\/wp-json\/wp\/v2\/media?parent=5595"}],"curies":[{"name":"wp","href":"https:\/\/api.w.org\/{rel}","templated":true}]}}